{"id":698,"date":"2024-03-26T14:41:56","date_gmt":"2024-03-26T14:41:56","guid":{"rendered":"https:\/\/marcaymercado.info\/websites\/EMSELEC\/?page_id=698"},"modified":"2024-03-26T14:41:56","modified_gmt":"2024-03-26T14:41:56","slug":"sistema-de-control-de-acceso-y-seguridad-biometrica-2","status":"publish","type":"page","link":"https:\/\/marcaymercado.info\/websites\/EMSELEC\/servicios\/sistemas-cctv\/sistema-de-control-de-acceso-y-seguridad-biometrica-2\/","title":{"rendered":"Sistema de control de acceso y seguridad biom\u00e9trica"},"content":{"rendered":"<p>[vc_row][vc_column][vc_custom_heading text=\u00bbSistema de control de acceso y seguridad biom\u00e9trica\u00bb font_container=\u00bbtag:h4|text_align:left\u00bb use_theme_fonts=\u00bbyes\u00bb skin=\u00bbprimary\u00bb enable_link_dynamic=\u00bbtrue\u00bb el_class=\u00bbfont-weight-semibold m-b-xs\u00bb][\/vc_column][\/vc_row][vc_row][vc_column][vc_row_inner el_class=\u00bbm-t-xl\u00bb][vc_column_inner width=\u00bb1\/2&#8243;][vc_single_image image=\u00bb593&#8243; img_size=\u00bbfull\u00bb onclick=\u00bblink_image\u00bb el_class=\u00bbm-b-sm\u00bb label=\u00bb\u00bb][\/vc_column_inner][vc_column_inner width=\u00bb1\/2&#8243;][vc_column_text]Implementamos sistemas de control de acceso avanzados y seguros que utilizan tecnolog\u00eda biom\u00e9trica para garantizar la identificaci\u00f3n precisa y la protecci\u00f3n de tus instalaciones.<\/p>\n<p>Nuestros sistemas brindan una capa adicional de seguridad al permitir el acceso solo a personal autorizado, proporcionando un ambiente seguro y controlado en todo momento.[\/vc_column_text][\/vc_column_inner][\/vc_row_inner][\/vc_column][\/vc_row]<\/p>\n","protected":false},"excerpt":{"rendered":"<p>[vc_row][vc_column][vc_custom_heading text=\u00bbSistema de control de acceso y seguridad biom\u00e9trica\u00bb font_container=\u00bbtag:h4|text_align:left\u00bb use_theme_fonts=\u00bbyes\u00bb skin=\u00bbprimary\u00bb enable_link_dynamic=\u00bbtrue\u00bb el_class=\u00bbfont-weight-semibold m-b-xs\u00bb][\/vc_column][\/vc_row][vc_row][vc_column][vc_row_inner el_class=\u00bbm-t-xl\u00bb][vc_column_inner width=\u00bb1\/2&#8243;][vc_single_image image=\u00bb593&#8243; img_size=\u00bbfull\u00bb onclick=\u00bblink_image\u00bb el_class=\u00bbm-b-sm\u00bb label=\u00bb\u00bb][\/vc_column_inner][vc_column_inner width=\u00bb1\/2&#8243;][vc_column_text]Implementamos sistemas de control de acceso avanzados y seguros que utilizan tecnolog\u00eda biom\u00e9trica para garantizar la identificaci\u00f3n precisa y la protecci\u00f3n de tus instalaciones. Nuestros sistemas brindan una capa adicional de seguridad al [&hellip;]<\/p>\n","protected":false},"author":1,"featured_media":0,"parent":345,"menu_order":0,"comment_status":"closed","ping_status":"closed","template":"","meta":{"_joinchat":[],"footnotes":""},"class_list":["post-698","page","type-page","status-publish","hentry"],"_links":{"self":[{"href":"https:\/\/marcaymercado.info\/websites\/EMSELEC\/wp-json\/wp\/v2\/pages\/698","targetHints":{"allow":["GET"]}}],"collection":[{"href":"https:\/\/marcaymercado.info\/websites\/EMSELEC\/wp-json\/wp\/v2\/pages"}],"about":[{"href":"https:\/\/marcaymercado.info\/websites\/EMSELEC\/wp-json\/wp\/v2\/types\/page"}],"author":[{"embeddable":true,"href":"https:\/\/marcaymercado.info\/websites\/EMSELEC\/wp-json\/wp\/v2\/users\/1"}],"replies":[{"embeddable":true,"href":"https:\/\/marcaymercado.info\/websites\/EMSELEC\/wp-json\/wp\/v2\/comments?post=698"}],"version-history":[{"count":2,"href":"https:\/\/marcaymercado.info\/websites\/EMSELEC\/wp-json\/wp\/v2\/pages\/698\/revisions"}],"predecessor-version":[{"id":700,"href":"https:\/\/marcaymercado.info\/websites\/EMSELEC\/wp-json\/wp\/v2\/pages\/698\/revisions\/700"}],"up":[{"embeddable":true,"href":"https:\/\/marcaymercado.info\/websites\/EMSELEC\/wp-json\/wp\/v2\/pages\/345"}],"wp:attachment":[{"href":"https:\/\/marcaymercado.info\/websites\/EMSELEC\/wp-json\/wp\/v2\/media?parent=698"}],"curies":[{"name":"wp","href":"https:\/\/api.w.org\/{rel}","templated":true}]}}