{"id":636,"date":"2024-03-22T21:21:52","date_gmt":"2024-03-22T21:21:52","guid":{"rendered":"https:\/\/marcaymercado.info\/websites\/EMSELEC\/?page_id=636"},"modified":"2024-03-26T14:50:41","modified_gmt":"2024-03-26T14:50:41","slug":"perifoneo-y-musica-ambiental","status":"publish","type":"page","link":"https:\/\/marcaymercado.info\/websites\/EMSELEC\/servicios\/perifoneo-y-musica-ambiental\/","title":{"rendered":"Perifoneo y M\u00fasica\u00a0Ambiental"},"content":{"rendered":"<p>[vc_row][vc_column]<div class=\"porto-u-heading  wpb_custom_95aa9a11c17ad45cfabaf210d84ee7cc\" data-hspacer=\"line_only\" data-halign=\"left\" style=\"text-align:left\"><div class=\"porto-u-main-heading\"><h2  >Perifoneo y M\u00fasica Ambiental<\/h2><\/div><div class=\"porto-u-heading-spacer line_only\" style=\"height:1px;\"><span class=\"porto-u-headings-line\" style=\"border-style:solid;border-bottom-width:1px;border-color:#ccc;width:50px;margin-left: 0\"><\/span><\/div><\/div>[\/vc_column][\/vc_row][vc_row][vc_column][vc_row_inner el_class=\u00bbm-t-xl\u00bb][vc_column_inner width=\u00bb1\/3&#8243;][vc_single_image image=\u00bb604&#8243; img_size=\u00bbfull\u00bb onclick=\u00bblink_image\u00bb el_class=\u00bbm-b-sm\u00bb][\/vc_column_inner][vc_column_inner width=\u00bb2\/3&#8243;][vc_custom_heading text=\u00bbSistemas de Perifoneo\u00bb font_container=\u00bbtag:h4|text_align:left\u00bb use_theme_fonts=\u00bbyes\u00bb skin=\u00bbprimary\u00bb enable_link_dynamic=\u00bbtrue\u00bb el_class=\u00bbfont-weight-semibold m-b-xs\u00bb][vc_column_text]Desde la instalaci\u00f3n hasta la configuraci\u00f3n, nuestro equipo experto se encarga de proporcionar sistemas de sonido de alta calidad que se adaptan perfectamente a tus necesidades.[\/vc_column_text][vc_btn title=\u00bbVer m\u00e1s\u00bb color=\u00bbblack\u00bb link=\u00bburl:https%3A%2F%2Fmarcaymercado.info%2Fwebsites%2FEMSELEC%2Fservicios%2Fperifoneo-y-musica-ambiental%2Fsistemas-de-perifoneo%2F|title:Sistemas%20de%20Perifoneo\u00bb][\/vc_column_inner][\/vc_row_inner][vc_row_inner el_class=\u00bbm-t-xl\u00bb][vc_column_inner width=\u00bb1\/3&#8243;][vc_single_image image=\u00bb648&#8243; img_size=\u00bbfull\u00bb onclick=\u00bblink_image\u00bb el_class=\u00bbm-b-sm\u00bb][\/vc_column_inner][vc_column_inner width=\u00bb2\/3&#8243;][vc_custom_heading text=\u00bbSistema de M\u00fasica Ambiental\u00bb font_container=\u00bbtag:h4|text_align:left\u00bb use_theme_fonts=\u00bbyes\u00bb skin=\u00bbprimary\u00bb enable_link_dynamic=\u00bbtrue\u00bb el_class=\u00bbfont-weight-semibold m-b-xs\u00bb][vc_column_text]\u00bfSab\u00edas que la m\u00fasica ambiental puede mejorar el estado de \u00e1nimo, la productividad y la experiencia de tus clientes?[\/vc_column_text][vc_btn title=\u00bbVer m\u00e1s\u00bb color=\u00bbblack\u00bb link=\u00bburl:https%3A%2F%2Fmarcaymercado.info%2Fwebsites%2FEMSELEC%2Fservicios%2Fperifoneo-y-musica-ambiental%2Fsistema-de-musica-ambiental%2F|title:Sistema%20de%20M%C3%BAsica%20Ambiental\u00bb][\/vc_column_inner][\/vc_row_inner][\/vc_column][\/vc_row]<\/p>\n","protected":false},"excerpt":{"rendered":"<p>[vc_row][vc_column][\/vc_column][\/vc_row][vc_row][vc_column][vc_row_inner el_class=\u00bbm-t-xl\u00bb][vc_column_inner width=\u00bb1\/3&#8243;][vc_single_image image=\u00bb604&#8243; img_size=\u00bbfull\u00bb onclick=\u00bblink_image\u00bb el_class=\u00bbm-b-sm\u00bb][\/vc_column_inner][vc_column_inner width=\u00bb2\/3&#8243;][vc_custom_heading text=\u00bbSistemas de Perifoneo\u00bb font_container=\u00bbtag:h4|text_align:left\u00bb use_theme_fonts=\u00bbyes\u00bb skin=\u00bbprimary\u00bb enable_link_dynamic=\u00bbtrue\u00bb el_class=\u00bbfont-weight-semibold m-b-xs\u00bb][vc_column_text]Desde la instalaci\u00f3n hasta la configuraci\u00f3n, nuestro equipo experto se encarga de proporcionar sistemas de sonido de alta calidad que se adaptan perfectamente a tus necesidades.[\/vc_column_text][vc_btn title=\u00bbVer m\u00e1s\u00bb color=\u00bbblack\u00bb link=\u00bburl:https%3A%2F%2Fmarcaymercado.info%2Fwebsites%2FEMSELEC%2Fservicios%2Fperifoneo-y-musica-ambiental%2Fsistemas-de-perifoneo%2F|title:Sistemas%20de%20Perifoneo\u00bb][\/vc_column_inner][\/vc_row_inner][vc_row_inner el_class=\u00bbm-t-xl\u00bb][vc_column_inner width=\u00bb1\/3&#8243;][vc_single_image image=\u00bb648&#8243; img_size=\u00bbfull\u00bb onclick=\u00bblink_image\u00bb el_class=\u00bbm-b-sm\u00bb][\/vc_column_inner][vc_column_inner width=\u00bb2\/3&#8243;][vc_custom_heading text=\u00bbSistema de [&hellip;]<\/p>\n","protected":false},"author":1,"featured_media":0,"parent":144,"menu_order":0,"comment_status":"closed","ping_status":"closed","template":"","meta":{"_joinchat":[],"footnotes":""},"class_list":["post-636","page","type-page","status-publish","hentry"],"_links":{"self":[{"href":"https:\/\/marcaymercado.info\/websites\/EMSELEC\/wp-json\/wp\/v2\/pages\/636","targetHints":{"allow":["GET"]}}],"collection":[{"href":"https:\/\/marcaymercado.info\/websites\/EMSELEC\/wp-json\/wp\/v2\/pages"}],"about":[{"href":"https:\/\/marcaymercado.info\/websites\/EMSELEC\/wp-json\/wp\/v2\/types\/page"}],"author":[{"embeddable":true,"href":"https:\/\/marcaymercado.info\/websites\/EMSELEC\/wp-json\/wp\/v2\/users\/1"}],"replies":[{"embeddable":true,"href":"https:\/\/marcaymercado.info\/websites\/EMSELEC\/wp-json\/wp\/v2\/comments?post=636"}],"version-history":[{"count":8,"href":"https:\/\/marcaymercado.info\/websites\/EMSELEC\/wp-json\/wp\/v2\/pages\/636\/revisions"}],"predecessor-version":[{"id":713,"href":"https:\/\/marcaymercado.info\/websites\/EMSELEC\/wp-json\/wp\/v2\/pages\/636\/revisions\/713"}],"up":[{"embeddable":true,"href":"https:\/\/marcaymercado.info\/websites\/EMSELEC\/wp-json\/wp\/v2\/pages\/144"}],"wp:attachment":[{"href":"https:\/\/marcaymercado.info\/websites\/EMSELEC\/wp-json\/wp\/v2\/media?parent=636"}],"curies":[{"name":"wp","href":"https:\/\/api.w.org\/{rel}","templated":true}]}}