{"id":362,"date":"2022-10-24T04:01:29","date_gmt":"2022-10-24T04:01:29","guid":{"rendered":"https:\/\/marcaymercado.info\/websites\/EMSELEC\/?page_id=362"},"modified":"2024-03-27T15:34:00","modified_gmt":"2024-03-27T15:34:00","slug":"aterramiento-pararrayos","status":"publish","type":"page","link":"https:\/\/marcaymercado.info\/websites\/EMSELEC\/servicios\/aterramiento-pararrayos\/","title":{"rendered":"Aterramiento \/ Pararrayos"},"content":{"rendered":"<p>[vc_row][vc_column]<div class=\"porto-u-heading  wpb_custom_95aa9a11c17ad45cfabaf210d84ee7cc\" data-hspacer=\"line_only\" data-halign=\"left\" style=\"text-align:left\"><div class=\"porto-u-main-heading\"><h2  >Aterramiento y Pararrayos<\/h2><\/div><div class=\"porto-u-heading-spacer line_only\" style=\"height:1px;\"><span class=\"porto-u-headings-line\" style=\"border-style:solid;border-bottom-width:1px;border-color:#ccc;width:50px;margin-left: 0\"><\/span><\/div><\/div>[\/vc_column][\/vc_row][vc_row][vc_column][vc_row_inner el_class=\u00bbm-t-xl\u00bb][vc_column_inner width=\u00bb1\/3&#8243;][vc_single_image image=\u00bb639&#8243; img_size=\u00bbfull\u00bb onclick=\u00bblink_image\u00bb el_class=\u00bbm-b-sm\u00bb][\/vc_column_inner][vc_column_inner width=\u00bb2\/3&#8243;][vc_custom_heading text=\u00bbDise\u00f1o, implementaci\u00f3n y mantenimiento de sistemas de aterramiento y descargas el\u00e9ctricas.\u00bb font_container=\u00bbtag:h4|text_align:left\u00bb use_theme_fonts=\u00bbyes\u00bb skin=\u00bbprimary\u00bb enable_link_dynamic=\u00bbtrue\u00bb el_class=\u00bbfont-weight-semibold m-b-xs\u00bb][vc_column_text]Dise\u00f1amos, implementamos y brindamos mantenimiento a sistemas de aterramiento y protecci\u00f3n contra descargas el\u00e9ctricas para garantizar la seguridad y el rendimiento \u00f3ptimo de tus instalaciones el\u00e9ctricas.[\/vc_column_text][vc_btn title=\u00bbVer m\u00e1s\u00bb color=\u00bbblack\u00bb link=\u00bburl:https%3A%2F%2Fmarcaymercado.info%2Fwebsites%2FEMSELEC%2Fservicios%2Faterramiento%2Fdiseno-implementacion-y-mantenimiento-de-sistemas-de-aterramiento-y-descargas-electricas%2F|title:Dise%C3%B1o%2C%20implementaci%C3%B3n%20y%20mantenimiento%20de%20sistemas%20de%20aterramiento%20y%20descargas%20el%C3%A9ctricas\u00bb][\/vc_column_inner][\/vc_row_inner][vc_row_inner el_class=\u00bbm-t-xl\u00bb][vc_column_inner width=\u00bb1\/3&#8243;][vc_single_image image=\u00bb640&#8243; img_size=\u00bbfull\u00bb onclick=\u00bblink_image\u00bb el_class=\u00bbm-b-sm\u00bb][\/vc_column_inner][vc_column_inner width=\u00bb2\/3&#8243;][vc_custom_heading text=\u00bbPararrayos para descargas el\u00e9ctricas.\u00bb font_container=\u00bbtag:h4|text_align:left\u00bb use_theme_fonts=\u00bbyes\u00bb skin=\u00bbprimary\u00bb enable_link_dynamic=\u00bbtrue\u00bb el_class=\u00bbfont-weight-semibold m-b-xs\u00bb][vc_column_text]En EMSELEC, nos especializamos en la instalaci\u00f3n de sistemas de pararrayos para proteger tu hogar o negocio contra los efectos devastadores de las descargas el\u00e9ctricas atmosf\u00e9ricas.[\/vc_column_text][vc_btn title=\u00bbVer m\u00e1s\u00bb color=\u00bbblack\u00bb link=\u00bburl:https%3A%2F%2Fmarcaymercado.info%2Fwebsites%2FEMSELEC%2Fservicios%2Faterramiento%2Fpararrayos-para-descargas-electricas%2F|title:Pararrayos%20para%20descargas%20el%C3%A9ctricas\u00bb][\/vc_column_inner][\/vc_row_inner][\/vc_column][\/vc_row]<\/p>\n","protected":false},"excerpt":{"rendered":"<p>[vc_row][vc_column][\/vc_column][\/vc_row][vc_row][vc_column][vc_row_inner el_class=\u00bbm-t-xl\u00bb][vc_column_inner width=\u00bb1\/3&#8243;][vc_single_image image=\u00bb639&#8243; img_size=\u00bbfull\u00bb onclick=\u00bblink_image\u00bb el_class=\u00bbm-b-sm\u00bb][\/vc_column_inner][vc_column_inner width=\u00bb2\/3&#8243;][vc_custom_heading text=\u00bbDise\u00f1o, implementaci\u00f3n y mantenimiento de sistemas de aterramiento y descargas el\u00e9ctricas.\u00bb font_container=\u00bbtag:h4|text_align:left\u00bb use_theme_fonts=\u00bbyes\u00bb skin=\u00bbprimary\u00bb enable_link_dynamic=\u00bbtrue\u00bb el_class=\u00bbfont-weight-semibold m-b-xs\u00bb][vc_column_text]Dise\u00f1amos, implementamos y brindamos mantenimiento a sistemas de aterramiento y protecci\u00f3n contra descargas el\u00e9ctricas para garantizar la seguridad y el rendimiento \u00f3ptimo de tus instalaciones el\u00e9ctricas.[\/vc_column_text][vc_btn title=\u00bbVer m\u00e1s\u00bb color=\u00bbblack\u00bb link=\u00bburl:https%3A%2F%2Fmarcaymercado.info%2Fwebsites%2FEMSELEC%2Fservicios%2Faterramiento%2Fdiseno-implementacion-y-mantenimiento-de-sistemas-de-aterramiento-y-descargas-electricas%2F|title:Dise%C3%B1o%2C%20implementaci%C3%B3n%20y%20mantenimiento%20de%20sistemas%20de%20aterramiento%20y%20descargas%20el%C3%A9ctricas\u00bb][\/vc_column_inner][\/vc_row_inner][vc_row_inner el_class=\u00bbm-t-xl\u00bb][vc_column_inner [&hellip;]<\/p>\n","protected":false},"author":1,"featured_media":0,"parent":144,"menu_order":0,"comment_status":"closed","ping_status":"closed","template":"","meta":{"_joinchat":[],"footnotes":""},"class_list":["post-362","page","type-page","status-publish","hentry"],"_links":{"self":[{"href":"https:\/\/marcaymercado.info\/websites\/EMSELEC\/wp-json\/wp\/v2\/pages\/362","targetHints":{"allow":["GET"]}}],"collection":[{"href":"https:\/\/marcaymercado.info\/websites\/EMSELEC\/wp-json\/wp\/v2\/pages"}],"about":[{"href":"https:\/\/marcaymercado.info\/websites\/EMSELEC\/wp-json\/wp\/v2\/types\/page"}],"author":[{"embeddable":true,"href":"https:\/\/marcaymercado.info\/websites\/EMSELEC\/wp-json\/wp\/v2\/users\/1"}],"replies":[{"embeddable":true,"href":"https:\/\/marcaymercado.info\/websites\/EMSELEC\/wp-json\/wp\/v2\/comments?post=362"}],"version-history":[{"count":11,"href":"https:\/\/marcaymercado.info\/websites\/EMSELEC\/wp-json\/wp\/v2\/pages\/362\/revisions"}],"predecessor-version":[{"id":741,"href":"https:\/\/marcaymercado.info\/websites\/EMSELEC\/wp-json\/wp\/v2\/pages\/362\/revisions\/741"}],"up":[{"embeddable":true,"href":"https:\/\/marcaymercado.info\/websites\/EMSELEC\/wp-json\/wp\/v2\/pages\/144"}],"wp:attachment":[{"href":"https:\/\/marcaymercado.info\/websites\/EMSELEC\/wp-json\/wp\/v2\/media?parent=362"}],"curies":[{"name":"wp","href":"https:\/\/api.w.org\/{rel}","templated":true}]}}