{"id":353,"date":"2022-10-24T03:52:58","date_gmt":"2022-10-24T03:52:58","guid":{"rendered":"https:\/\/marcaymercado.info\/websites\/EMSELEC\/?page_id=353"},"modified":"2024-03-27T15:43:00","modified_gmt":"2024-03-27T15:43:00","slug":"telefonia","status":"publish","type":"page","link":"https:\/\/marcaymercado.info\/websites\/EMSELEC\/servicios\/telefonia\/","title":{"rendered":"Telefon\u00eda"},"content":{"rendered":"<p>[vc_row][vc_column]<div class=\"porto-u-heading  wpb_custom_95aa9a11c17ad45cfabaf210d84ee7cc\" data-hspacer=\"line_only\" data-halign=\"left\" style=\"text-align:left\"><div class=\"porto-u-main-heading\"><h2  >Telefon\u00eda<\/h2><\/div><div class=\"porto-u-heading-spacer line_only\" style=\"height:1px;\"><span class=\"porto-u-headings-line\" style=\"border-style:solid;border-bottom-width:1px;border-color:#ccc;width:50px;margin-left: 0\"><\/span><\/div><\/div>[\/vc_column][\/vc_row][vc_row][vc_column][vc_row_inner el_class=\u00bbm-t-xl\u00bb][vc_column_inner width=\u00bb1\/3&#8243;][vc_single_image image=\u00bb601&#8243; img_size=\u00bbfull\u00bb onclick=\u00bblink_image\u00bb el_class=\u00bbm-b-sm\u00bb][\/vc_column_inner][vc_column_inner width=\u00bb2\/3&#8243;][vc_custom_heading text=\u00bbProgramaci\u00f3n de centrales telef\u00f3nicas y tel\u00e9fonos operadores.\u00bb font_container=\u00bbtag:h4|text_align:left\u00bb use_theme_fonts=\u00bbyes\u00bb skin=\u00bbprimary\u00bb enable_link_dynamic=\u00bbtrue\u00bb el_class=\u00bbfont-weight-semibold m-b-xs\u00bb][vc_column_text]Nuestro equipo especializado realiza la programaci\u00f3n de centrales telef\u00f3nicas y tel\u00e9fonos operadores para optimizar la comunicaci\u00f3n en tu empresa u organizaci\u00f3n.[\/vc_column_text][vc_btn title=\u00bbVer m\u00e1s\u00bb color=\u00bbblack\u00bb link=\u00bburl:https%3A%2F%2Fmarcaymercado.info%2Fwebsites%2FEMSELEC%2Fservicios%2Ftelefonia%2Fprogramacion-de-centrales-telefonicas-y-telefonos-operadores%2F|title:Programaci%C3%B3n%20de%20centrales%20telef%C3%B3nicas%20y%20tel%C3%A9fonos%20operadores\u00bb][\/vc_column_inner][\/vc_row_inner][vc_row_inner el_class=\u00bbm-t-xl m-b-xl\u00bb][vc_column_inner width=\u00bb1\/3&#8243;][vc_single_image image=\u00bb602&#8243; img_size=\u00bbfull\u00bb onclick=\u00bblink_image\u00bb el_class=\u00bbm-b-sm\u00bb][\/vc_column_inner][vc_column_inner width=\u00bb2\/3&#8243;][vc_custom_heading text=\u00bbConfiguraci\u00f3n general de equipos telef\u00f3nicos.\u00bb font_container=\u00bbtag:h4|text_align:left\u00bb use_theme_fonts=\u00bbyes\u00bb skin=\u00bbprimary\u00bb enable_link_dynamic=\u00bbtrue\u00bb el_class=\u00bbfont-weight-semibold m-b-xs\u00bb][vc_column_text]Nos encargamos de la configuraci\u00f3n general de equipos telef\u00f3nicos para garantizar un funcionamiento \u00f3ptimo y eficiente.[\/vc_column_text][vc_btn title=\u00bbVer m\u00e1s\u00bb color=\u00bbblack\u00bb link=\u00bburl:https%3A%2F%2Fmarcaymercado.info%2Fwebsites%2FEMSELEC%2Fservicios%2Ftelefonia%2Fconfiguracion-general-de-equipos-telefonico%2F|title:Configuraci%C3%B3n%20general%20de%20equipos%20telef%C3%B3nico\u00bb][\/vc_column_inner][\/vc_row_inner][vc_row_inner el_class=\u00bbm-t-xl m-b-xl\u00bb][vc_column_inner width=\u00bb1\/3&#8243;][vc_single_image image=\u00bb603&#8243; img_size=\u00bbfull\u00bb onclick=\u00bblink_image\u00bb el_class=\u00bbm-b-sm\u00bb][\/vc_column_inner][vc_column_inner width=\u00bb2\/3&#8243;][vc_custom_heading text=\u00bbMantenimiento preventivo y correctivo de equipos de oficina.\u00bb font_container=\u00bbtag:h4|text_align:left\u00bb use_theme_fonts=\u00bbyes\u00bb skin=\u00bbprimary\u00bb enable_link_dynamic=\u00bbtrue\u00bb el_class=\u00bbfont-weight-semibold m-b-xs\u00bb][vc_column_text]Ofrecemos servicios de mantenimiento preventivo y correctivo de equipos de oficina para asegurar su \u00f3ptimo rendimiento y prolongar su vida \u00fatil.[\/vc_column_text][vc_btn title=\u00bbVer m\u00e1s\u00bb color=\u00bbblack\u00bb link=\u00bburl:https%3A%2F%2Fmarcaymercado.info%2Fwebsites%2FEMSELEC%2Fservicios%2Ftelefonia%2Fmantenimiento-preventivo-y-correctivo-de-equipos-de-oficina%2F|title:Mantenimiento%20preventivo%20y%20correctivo%20de%20equipos%20de%20oficina\u00bb][\/vc_column_inner][\/vc_row_inner][vc_row_inner el_class=\u00bbm-t-xl m-b-xl\u00bb][vc_column_inner width=\u00bb1\/3&#8243;][vc_single_image image=\u00bb600&#8243; img_size=\u00bbfull\u00bb onclick=\u00bblink_image\u00bb el_class=\u00bbm-b-sm\u00bb][\/vc_column_inner][vc_column_inner width=\u00bb2\/3&#8243;][vc_custom_heading text=\u00bbLaboratorio Autorizado de PANASONIC en su l\u00ednea de telefon\u00eda a nivel nacional.\u00bb font_container=\u00bbtag:h4|text_align:left\u00bb use_theme_fonts=\u00bbyes\u00bb skin=\u00bbprimary\u00bb enable_link_dynamic=\u00bbtrue\u00bb el_class=\u00bbfont-weight-semibold m-b-xs\u00bb][vc_column_text]Como laboratorio autorizado de PANASONIC en su l\u00ednea de telefon\u00eda a nivel nacional, ofrecemos servicios especializados de reparaci\u00f3n y mantenimiento para tus equipos telef\u00f3nicos PANASONIC.[\/vc_column_text][vc_btn title=\u00bbVer m\u00e1s\u00bb color=\u00bbblack\u00bb link=\u00bburl:https%3A%2F%2Fmarcaymercado.info%2Fwebsites%2FEMSELEC%2Fservicios%2Ftelefonia%2Flaboratorio-autorizado-de-panasonic-en-su-linea-de-telefonia-a-nivel-nacional%2F|title:Laboratorio%20Autorizado%20de%20PANASONIC%20en%20su%20l%C3%ADnea%20de%20telefon%C3%ADa%20a%20nivel%20nacional\u00bb][\/vc_column_inner][\/vc_row_inner][\/vc_column][\/vc_row]<\/p>\n","protected":false},"excerpt":{"rendered":"<p>[vc_row][vc_column][\/vc_column][\/vc_row][vc_row][vc_column][vc_row_inner el_class=\u00bbm-t-xl\u00bb][vc_column_inner width=\u00bb1\/3&#8243;][vc_single_image image=\u00bb601&#8243; img_size=\u00bbfull\u00bb onclick=\u00bblink_image\u00bb el_class=\u00bbm-b-sm\u00bb][\/vc_column_inner][vc_column_inner width=\u00bb2\/3&#8243;][vc_custom_heading text=\u00bbProgramaci\u00f3n de centrales telef\u00f3nicas y tel\u00e9fonos operadores.\u00bb font_container=\u00bbtag:h4|text_align:left\u00bb use_theme_fonts=\u00bbyes\u00bb skin=\u00bbprimary\u00bb enable_link_dynamic=\u00bbtrue\u00bb el_class=\u00bbfont-weight-semibold m-b-xs\u00bb][vc_column_text]Nuestro equipo especializado realiza la programaci\u00f3n de centrales telef\u00f3nicas y tel\u00e9fonos operadores para optimizar la comunicaci\u00f3n en tu empresa u organizaci\u00f3n.[\/vc_column_text][vc_btn title=\u00bbVer m\u00e1s\u00bb color=\u00bbblack\u00bb link=\u00bburl:https%3A%2F%2Fmarcaymercado.info%2Fwebsites%2FEMSELEC%2Fservicios%2Ftelefonia%2Fprogramacion-de-centrales-telefonicas-y-telefonos-operadores%2F|title:Programaci%C3%B3n%20de%20centrales%20telef%C3%B3nicas%20y%20tel%C3%A9fonos%20operadores\u00bb][\/vc_column_inner][\/vc_row_inner][vc_row_inner el_class=\u00bbm-t-xl m-b-xl\u00bb][vc_column_inner width=\u00bb1\/3&#8243;][vc_single_image image=\u00bb602&#8243; img_size=\u00bbfull\u00bb onclick=\u00bblink_image\u00bb el_class=\u00bbm-b-sm\u00bb][\/vc_column_inner][vc_column_inner width=\u00bb2\/3&#8243;][vc_custom_heading text=\u00bbConfiguraci\u00f3n general [&hellip;]<\/p>\n","protected":false},"author":1,"featured_media":0,"parent":144,"menu_order":0,"comment_status":"closed","ping_status":"closed","template":"","meta":{"_joinchat":[],"footnotes":""},"class_list":["post-353","page","type-page","status-publish","hentry"],"_links":{"self":[{"href":"https:\/\/marcaymercado.info\/websites\/EMSELEC\/wp-json\/wp\/v2\/pages\/353","targetHints":{"allow":["GET"]}}],"collection":[{"href":"https:\/\/marcaymercado.info\/websites\/EMSELEC\/wp-json\/wp\/v2\/pages"}],"about":[{"href":"https:\/\/marcaymercado.info\/websites\/EMSELEC\/wp-json\/wp\/v2\/types\/page"}],"author":[{"embeddable":true,"href":"https:\/\/marcaymercado.info\/websites\/EMSELEC\/wp-json\/wp\/v2\/users\/1"}],"replies":[{"embeddable":true,"href":"https:\/\/marcaymercado.info\/websites\/EMSELEC\/wp-json\/wp\/v2\/comments?post=353"}],"version-history":[{"count":8,"href":"https:\/\/marcaymercado.info\/websites\/EMSELEC\/wp-json\/wp\/v2\/pages\/353\/revisions"}],"predecessor-version":[{"id":746,"href":"https:\/\/marcaymercado.info\/websites\/EMSELEC\/wp-json\/wp\/v2\/pages\/353\/revisions\/746"}],"up":[{"embeddable":true,"href":"https:\/\/marcaymercado.info\/websites\/EMSELEC\/wp-json\/wp\/v2\/pages\/144"}],"wp:attachment":[{"href":"https:\/\/marcaymercado.info\/websites\/EMSELEC\/wp-json\/wp\/v2\/media?parent=353"}],"curies":[{"name":"wp","href":"https:\/\/api.w.org\/{rel}","templated":true}]}}