{"id":345,"date":"2022-10-24T03:44:59","date_gmt":"2022-10-24T03:44:59","guid":{"rendered":"https:\/\/marcaymercado.info\/websites\/EMSELEC\/?page_id=345"},"modified":"2024-03-26T15:06:19","modified_gmt":"2024-03-26T15:06:19","slug":"sistemas-cctv","status":"publish","type":"page","link":"https:\/\/marcaymercado.info\/websites\/EMSELEC\/servicios\/sistemas-cctv\/","title":{"rendered":"Sistemas CCTV"},"content":{"rendered":"<p>[vc_row][vc_column]<div class=\"porto-u-heading  wpb_custom_95aa9a11c17ad45cfabaf210d84ee7cc\" data-hspacer=\"line_only\" data-halign=\"left\" style=\"text-align:left\"><div class=\"porto-u-main-heading\"><h2  >Sistemas CCTV<\/h2><\/div><div class=\"porto-u-heading-spacer line_only\" style=\"height:1px;\"><span class=\"porto-u-headings-line\" style=\"border-style:solid;border-bottom-width:1px;border-color:#ccc;width:50px;margin-left: 0\"><\/span><\/div><\/div>[\/vc_column][\/vc_row][vc_row][vc_column][vc_row_inner el_class=\u00bbm-t-xl\u00bb][vc_column_inner width=\u00bb1\/3&#8243;][vc_single_image image=\u00bb452&#8243; img_size=\u00bbfull\u00bb onclick=\u00bblink_image\u00bb el_class=\u00bbm-b-sm\u00bb][\/vc_column_inner][vc_column_inner width=\u00bb2\/3&#8243;][vc_custom_heading text=\u00bbProvisi\u00f3n e instalaci\u00f3n de c\u00e1maras de seguridad.\u00bb font_container=\u00bbtag:h4|text_align:left\u00bb use_theme_fonts=\u00bbyes\u00bb skin=\u00bbprimary\u00bb enable_link_dynamic=\u00bbtrue\u00bb el_class=\u00bbfont-weight-semibold m-b-xs\u00bb][vc_column_text]Desde la selecci\u00f3n hasta la instalaci\u00f3n, nuestro equipo experto se encarga de proporcionar e implementar c\u00e1maras de seguridad de \u00faltima generaci\u00f3n para proteger tus espacios.[\/vc_column_text][vc_btn title=\u00bbVer m\u00e1s\u00bb color=\u00bbblack\u00bb link=\u00bburl:https%3A%2F%2Fmarcaymercado.info%2Fwebsites%2FEMSELEC%2Fservicios%2Fsistemas-cctv%2Fprovision-e-instalacion-de-camaras-de-seguridad%2F|title:Provisi%C3%B3n%20e%20instalaci%C3%B3n%20de%20c%C3%A1maras%20de%20seguridad\u00bb][\/vc_column_inner][\/vc_row_inner][vc_row_inner el_class=\u00bbm-t-xl\u00bb][vc_column_inner width=\u00bb1\/3&#8243;][vc_single_image image=\u00bb592&#8243; img_size=\u00bbfull\u00bb onclick=\u00bblink_image\u00bb el_class=\u00bbm-b-sm\u00bb][\/vc_column_inner][vc_column_inner width=\u00bb2\/3&#8243;][vc_custom_heading text=\u00bbProvisi\u00f3n e instalaci\u00f3n de grabadoras digitales (DVR).\u00bb font_container=\u00bbtag:h4|text_align:left\u00bb use_theme_fonts=\u00bbyes\u00bb skin=\u00bbprimary\u00bb enable_link_dynamic=\u00bbtrue\u00bb el_class=\u00bbfont-weight-semibold m-b-xs\u00bb][vc_column_text]Nos encargamos de proveer e instalar grabadoras digitales de alta calidad (DVR) para almacenar y gestionar de manera eficiente la informaci\u00f3n captada por tus sistemas de seguridad.[\/vc_column_text][vc_btn title=\u00bbVer m\u00e1s\u00bb color=\u00bbblack\u00bb link=\u00bburl:https%3A%2F%2Fmarcaymercado.info%2Fwebsites%2FEMSELEC%2Fservicios%2Fsistemas-cctv%2Fprovision-e-instalacion-de-grabadoras-digitales-dvr-2%2F|title:Provisi%C3%B3n%20e%20instalaci%C3%B3n%20de%20grabadoras%20digitales%20(DVR)\u00bb][\/vc_column_inner][\/vc_row_inner][vc_row_inner el_class=\u00bbm-t-xl m-b-xl\u00bb][vc_column_inner width=\u00bb1\/3&#8243;][vc_single_image image=\u00bb594&#8243; img_size=\u00bbfull\u00bb onclick=\u00bblink_image\u00bb el_class=\u00bbm-b-sm\u00bb][\/vc_column_inner][vc_column_inner width=\u00bb2\/3&#8243;][vc_custom_heading text=\u00bbSistema de control de alarmas para edificios, oficinas y domicilios.\u00bb font_container=\u00bbtag:h4|text_align:left\u00bb use_theme_fonts=\u00bbyes\u00bb skin=\u00bbprimary\u00bb enable_link_dynamic=\u00bbtrue\u00bb el_class=\u00bbfont-weight-semibold m-b-xs\u00bb][vc_column_text]Ofrecemos sistemas completos de control de alarmas dise\u00f1ados para brindar seguridad y tranquilidad en edificios residenciales, oficinas y hogares.[\/vc_column_text][vc_btn title=\u00bbVer m\u00e1s\u00bb color=\u00bbblack\u00bb link=\u00bburl:https%3A%2F%2Fmarcaymercado.info%2Fwebsites%2FEMSELEC%2Fservicios%2Fsistemas-cctv%2Fsistema-de-control-de-alarmas-para-edificios-oficinas-y-domicilios-2%2F|title:Sistema%20de%20control%20de%20alarmas%20para%20edificios%2C%20oficinas%20y%20domicilios\u00bb][\/vc_column_inner][\/vc_row_inner][vc_row_inner el_class=\u00bbm-t-xl m-b-xl\u00bb][vc_column_inner width=\u00bb1\/3&#8243;][vc_single_image image=\u00bb593&#8243; img_size=\u00bbfull\u00bb onclick=\u00bblink_image\u00bb el_class=\u00bbm-b-sm\u00bb][\/vc_column_inner][vc_column_inner width=\u00bb2\/3&#8243;][vc_custom_heading text=\u00bbSistema de control de acceso y seguridad biom\u00e9trica.\u00bb font_container=\u00bbtag:h4|text_align:left\u00bb use_theme_fonts=\u00bbyes\u00bb skin=\u00bbprimary\u00bb enable_link_dynamic=\u00bbtrue\u00bb el_class=\u00bbfont-weight-semibold m-b-xs\u00bb][vc_column_text]Implementamos sistemas de control de acceso avanzados y seguros que utilizan tecnolog\u00eda biom\u00e9trica para garantizar la identificaci\u00f3n precisa y la protecci\u00f3n de tus instalaciones.[\/vc_column_text][vc_btn title=\u00bbVer m\u00e1s\u00bb color=\u00bbblack\u00bb link=\u00bburl:https%3A%2F%2Fmarcaymercado.info%2Fwebsites%2FEMSELEC%2Fservicios%2Fsistemas-cctv%2Fsistema-de-control-de-acceso-y-seguridad-biometrica-2%2F|title:Sistema%20de%20control%20de%20acceso%20y%20seguridad%20biom%C3%A9trica\u00bb][\/vc_column_inner][\/vc_row_inner][\/vc_column][\/vc_row]<\/p>\n","protected":false},"excerpt":{"rendered":"<p>[vc_row][vc_column][\/vc_column][\/vc_row][vc_row][vc_column][vc_row_inner el_class=\u00bbm-t-xl\u00bb][vc_column_inner width=\u00bb1\/3&#8243;][vc_single_image image=\u00bb452&#8243; img_size=\u00bbfull\u00bb onclick=\u00bblink_image\u00bb el_class=\u00bbm-b-sm\u00bb][\/vc_column_inner][vc_column_inner width=\u00bb2\/3&#8243;][vc_custom_heading text=\u00bbProvisi\u00f3n e instalaci\u00f3n de c\u00e1maras de seguridad.\u00bb font_container=\u00bbtag:h4|text_align:left\u00bb use_theme_fonts=\u00bbyes\u00bb skin=\u00bbprimary\u00bb enable_link_dynamic=\u00bbtrue\u00bb el_class=\u00bbfont-weight-semibold m-b-xs\u00bb][vc_column_text]Desde la selecci\u00f3n hasta la instalaci\u00f3n, nuestro equipo experto se encarga de proporcionar e implementar c\u00e1maras de seguridad de \u00faltima generaci\u00f3n para proteger tus espacios.[\/vc_column_text][vc_btn title=\u00bbVer m\u00e1s\u00bb color=\u00bbblack\u00bb link=\u00bburl:https%3A%2F%2Fmarcaymercado.info%2Fwebsites%2FEMSELEC%2Fservicios%2Fsistemas-cctv%2Fprovision-e-instalacion-de-camaras-de-seguridad%2F|title:Provisi%C3%B3n%20e%20instalaci%C3%B3n%20de%20c%C3%A1maras%20de%20seguridad\u00bb][\/vc_column_inner][\/vc_row_inner][vc_row_inner el_class=\u00bbm-t-xl\u00bb][vc_column_inner width=\u00bb1\/3&#8243;][vc_single_image image=\u00bb592&#8243; img_size=\u00bbfull\u00bb onclick=\u00bblink_image\u00bb el_class=\u00bbm-b-sm\u00bb][\/vc_column_inner][vc_column_inner [&hellip;]<\/p>\n","protected":false},"author":1,"featured_media":0,"parent":144,"menu_order":0,"comment_status":"closed","ping_status":"closed","template":"","meta":{"_joinchat":[],"footnotes":""},"class_list":["post-345","page","type-page","status-publish","hentry"],"_links":{"self":[{"href":"https:\/\/marcaymercado.info\/websites\/EMSELEC\/wp-json\/wp\/v2\/pages\/345","targetHints":{"allow":["GET"]}}],"collection":[{"href":"https:\/\/marcaymercado.info\/websites\/EMSELEC\/wp-json\/wp\/v2\/pages"}],"about":[{"href":"https:\/\/marcaymercado.info\/websites\/EMSELEC\/wp-json\/wp\/v2\/types\/page"}],"author":[{"embeddable":true,"href":"https:\/\/marcaymercado.info\/websites\/EMSELEC\/wp-json\/wp\/v2\/users\/1"}],"replies":[{"embeddable":true,"href":"https:\/\/marcaymercado.info\/websites\/EMSELEC\/wp-json\/wp\/v2\/comments?post=345"}],"version-history":[{"count":9,"href":"https:\/\/marcaymercado.info\/websites\/EMSELEC\/wp-json\/wp\/v2\/pages\/345\/revisions"}],"predecessor-version":[{"id":729,"href":"https:\/\/marcaymercado.info\/websites\/EMSELEC\/wp-json\/wp\/v2\/pages\/345\/revisions\/729"}],"up":[{"embeddable":true,"href":"https:\/\/marcaymercado.info\/websites\/EMSELEC\/wp-json\/wp\/v2\/pages\/144"}],"wp:attachment":[{"href":"https:\/\/marcaymercado.info\/websites\/EMSELEC\/wp-json\/wp\/v2\/media?parent=345"}],"curies":[{"name":"wp","href":"https:\/\/api.w.org\/{rel}","templated":true}]}}