{"id":315,"date":"2022-10-24T03:13:19","date_gmt":"2022-10-24T03:13:19","guid":{"rendered":"https:\/\/marcaymercado.info\/websites\/EMSELEC\/?page_id=315"},"modified":"2024-03-26T14:28:47","modified_gmt":"2024-03-26T14:28:47","slug":"electricidad-en-baja-y-media-tension","status":"publish","type":"page","link":"https:\/\/marcaymercado.info\/websites\/EMSELEC\/servicios\/electricidad-en-baja-y-media-tension\/","title":{"rendered":"Electricidad en Baja y Media Tensi\u00f3n"},"content":{"rendered":"<p>[vc_row][vc_column]<div class=\"porto-u-heading  wpb_custom_95aa9a11c17ad45cfabaf210d84ee7cc\" data-hspacer=\"line_only\" data-halign=\"left\" style=\"text-align:left\"><div class=\"porto-u-main-heading\"><h2  >Electricidad en Baja y Media Tensi\u00f3n<\/h2><\/div><div class=\"porto-u-heading-spacer line_only\" style=\"height:1px;\"><span class=\"porto-u-headings-line\" style=\"border-style:solid;border-bottom-width:1px;border-color:#ccc;width:50px;margin-left: 0\"><\/span><\/div><\/div>[\/vc_column][\/vc_row][vc_row][vc_column][vc_row_inner el_class=\u00bbm-t-xl\u00bb][vc_column_inner width=\u00bb1\/3&#8243;][vc_single_image image=\u00bb450&#8243; img_size=\u00bbfull\u00bb onclick=\u00bblink_image\u00bb el_class=\u00bbm-b-sm\u00bb][\/vc_column_inner][vc_column_inner width=\u00bb2\/3&#8243;][vc_custom_heading text=\u00bbDise\u00f1o y montaje de redes el\u00e9ctricas residenciales, industriales y comerciales.\u00bb font_container=\u00bbtag:h4|text_align:left\u00bb use_theme_fonts=\u00bbyes\u00bb skin=\u00bbprimary\u00bb enable_link_dynamic=\u00bbtrue\u00bb el_class=\u00bbfont-weight-semibold m-b-xs\u00bb][vc_column_text]\u00a1Transforma tus espacios con nuestra experiencia en dise\u00f1o y montaje de redes el\u00e9ctricas!.<\/p>\n<p>Desde proyectos residenciales hasta industriales y comerciales, nuestro equipo especializado ofrece soluciones innovadoras y seguras.[\/vc_column_text][vc_btn title=\u00bbVer m\u00e1s\u00bb color=\u00bbinverse\u00bb link=\u00bburl:https%3A%2F%2Fmarcaymercado.info%2Fwebsites%2FEMSELEC%2Fservicios%2Felectricidad-en-baja-y-media-tension%2Fdiseno-y-montaje-de-redes-electricas-residenciales-industriales-y-comerciales%2F|title:Dise%C3%B1o%20y%20montaje%20de%20redes%20el%C3%A9ctricas%20residenciales%2C%20industriales%20y%20comerciales.\u00bb][\/vc_column_inner][\/vc_row_inner][vc_row_inner el_class=\u00bbm-t-xl\u00bb][vc_column_inner width=\u00bb1\/3&#8243;][vc_single_image image=\u00bb561&#8243; img_size=\u00bbfull\u00bb onclick=\u00bbcustom_link\u00bb link=\u00bbsurgery-proccess\u00bb el_class=\u00bbm-b-sm\u00bb][\/vc_column_inner][vc_column_inner width=\u00bb2\/3&#8243;][vc_custom_heading text=\u00bbTableros de distribuci\u00f3n primarios, secundarios y centrales.\u00bb font_container=\u00bbtag:h4|text_align:left\u00bb use_theme_fonts=\u00bbyes\u00bb skin=\u00bbprimary\u00bb enable_link_dynamic=\u00bbtrue\u00bb el_class=\u00bbfont-weight-semibold m-b-xs\u00bb][vc_column_text]\u00a1Optimiza la gesti\u00f3n el\u00e9ctrica con nuestros tableros de distribuci\u00f3n primarios, secundarios y centrales!<\/p>\n<p>Desde la planificaci\u00f3n hasta la implementaci\u00f3n, nuestro equipo experto asegura una instalaci\u00f3n eficiente y segura.[\/vc_column_text][vc_btn title=\u00bbVer m\u00e1s\u00bb color=\u00bbinverse\u00bb link=\u00bburl:https%3A%2F%2Fmarcaymercado.info%2Fwebsites%2FEMSELEC%2Fservicios%2Felectricidad-en-baja-y-media-tension%2Ftableros-de-distribucion-primarios-secundarios-y-centrales-2%2F|title:Tableros%20de%20distribuci%C3%B3n%20primarios%2C%20secundarios%20y%20centrales\u00bb][\/vc_column_inner][\/vc_row_inner][vc_row_inner el_class=\u00bbm-t-xl m-b-xl\u00bb][vc_column_inner width=\u00bb1\/3&#8243;][vc_single_image image=\u00bb563&#8243; img_size=\u00bbfull\u00bb onclick=\u00bblink_image\u00bb el_class=\u00bbm-b-sm\u00bb][\/vc_column_inner][vc_column_inner width=\u00bb2\/3&#8243;][vc_custom_heading text=\u00bbDise\u00f1o y ejecuci\u00f3n de sistemas el\u00e9ctricos ininterrumpidos.\u00bb font_container=\u00bbtag:h4|text_align:left\u00bb use_theme_fonts=\u00bbyes\u00bb skin=\u00bbprimary\u00bb enable_link_dynamic=\u00bbtrue\u00bb el_class=\u00bbfont-weight-semibold m-b-xs\u00bb][vc_column_text]Nos especializamos en el dise\u00f1o y ejecuci\u00f3n de sistemas el\u00e9ctricos ininterrumpidos, asegurando la continuidad de tus operaciones ante cortes de energ\u00eda.[\/vc_column_text][vc_btn title=\u00bbVer m\u00e1s\u00bb color=\u00bbinverse\u00bb link=\u00bburl:https%3A%2F%2Fmarcaymercado.info%2Fwebsites%2FEMSELEC%2Fservicios%2Felectricidad-en-baja-y-media-tension%2Fdiseno-y-ejecucion-de-sistemas-electricos-ininterrumpidos-2%2F|title:Dise%C3%B1o%20y%20ejecuci%C3%B3n%20de%20sistemas%20el%C3%A9ctricos%20ininterrumpidos\u00bb][\/vc_column_inner][\/vc_row_inner][vc_row_inner el_class=\u00bbm-t-xl m-b-xl\u00bb][vc_column_inner width=\u00bb1\/3&#8243;][vc_single_image image=\u00bb565&#8243; img_size=\u00bbfull\u00bb onclick=\u00bblink_image\u00bb el_class=\u00bbm-b-sm\u00bb][\/vc_column_inner][vc_column_inner width=\u00bb2\/3&#8243;][vc_custom_heading text=\u00bbDise\u00f1o, instalaci\u00f3n y mantenimiento de cercas el\u00e9ctricas y protecci\u00f3n perimetral.\u00bb font_container=\u00bbtag:h4|text_align:left\u00bb use_theme_fonts=\u00bbyes\u00bb skin=\u00bbprimary\u00bb enable_link_dynamic=\u00bbtrue\u00bb el_class=\u00bbfont-weight-semibold m-b-xs\u00bb][vc_column_text]Ofrecemos servicios completos de dise\u00f1o, instalaci\u00f3n y mantenimiento de cercas el\u00e9ctricas y sistemas de protecci\u00f3n perimetral.[\/vc_column_text][vc_btn title=\u00bbVer m\u00e1s\u00bb color=\u00bbinverse\u00bb link=\u00bburl:https%3A%2F%2Fmarcaymercado.info%2Fwebsites%2FEMSELEC%2Fservicios%2Felectricidad-en-baja-y-media-tension%2Fdiseno-instalacion-y-mantenimiento-de-cercas-electricas-y-proteccion-perimetral-2%2F|title:Dise%C3%B1o%2C%20instalaci%C3%B3n%20y%20mantenimiento%20de%20cercas%20el%C3%A9ctricas%20y%20protecci%C3%B3n%20perimetral\u00bb][\/vc_column_inner][\/vc_row_inner][vc_row_inner el_class=\u00bbm-t-xl m-b-xl\u00bb][vc_column_inner width=\u00bb1\/3&#8243;][vc_single_image image=\u00bb568&#8243; img_size=\u00bbfull\u00bb onclick=\u00bblink_image\u00bb el_class=\u00bbm-b-sm\u00bb][\/vc_column_inner][vc_column_inner width=\u00bb2\/3&#8243;][vc_custom_heading text=\u00bbSistema de Back Up de energ\u00eda.\u00bb font_container=\u00bbtag:h4|text_align:left\u00bb use_theme_fonts=\u00bbyes\u00bb skin=\u00bbprimary\u00bb enable_link_dynamic=\u00bbtrue\u00bb el_class=\u00bbfont-weight-semibold m-b-xs\u00bb][vc_column_text]Mant\u00e9n tu operaci\u00f3n funcionando sin problemas con nuestro sistema de Back Up de energ\u00eda.<\/p>\n<p>Dise\u00f1ado para brindar una fuente de energ\u00eda confiable en caso de cortes inesperados, nuestro sistema asegura la continuidad de tus procesos cr\u00edticos.[\/vc_column_text][vc_btn title=\u00bbVer m\u00e1s\u00bb color=\u00bbinverse\u00bb link=\u00bburl:https%3A%2F%2Fmarcaymercado.info%2Fwebsites%2FEMSELEC%2Fservicios%2Felectricidad-en-baja-y-media-tension%2Fsistema-de-back-up-de-energia-2%2F|title:Sistema%20de%20Back%20Up%20de%20energ%C3%ADa\u00bb][\/vc_column_inner][\/vc_row_inner][vc_row_inner el_class=\u00bbm-t-xl m-b-xl\u00bb][vc_column_inner width=\u00bb1\/3&#8243;][vc_single_image image=\u00bb570&#8243; img_size=\u00bbfull\u00bb onclick=\u00bblink_image\u00bb el_class=\u00bbm-b-sm\u00bb][\/vc_column_inner][vc_column_inner width=\u00bb2\/3&#8243;][vc_custom_heading text=\u00bbArranque de Motores.\u00bb font_container=\u00bbtag:h4|text_align:left\u00bb use_theme_fonts=\u00bbyes\u00bb skin=\u00bbprimary\u00bb enable_link_dynamic=\u00bbtrue\u00bb el_class=\u00bbfont-weight-semibold m-b-xs\u00bb][vc_column_text]Optimiza el rendimiento de tus motores con nuestros servicios de arranque especializados.<\/p>\n<p>Nuestro equipo t\u00e9cnico est\u00e1 capacitado para garantizar un arranque suave y seguro de tus motores, maximizando su eficiencia y prolongando su vida \u00fatil.[\/vc_column_text][vc_btn title=\u00bbVer m\u00e1s\u00bb color=\u00bbinverse\u00bb link=\u00bburl:https%3A%2F%2Fmarcaymercado.info%2Fwebsites%2FEMSELEC%2Fservicios%2Felectricidad-en-baja-y-media-tension%2Farranque-de-motores-2%2F|title:Arranque%20de%20Motores\u00bb][\/vc_column_inner][\/vc_row_inner][vc_row_inner el_class=\u00bbm-t-xl m-b-xl\u00bb][vc_column_inner width=\u00bb1\/3&#8243;][vc_single_image image=\u00bb571&#8243; img_size=\u00bbFULL\u00bb onclick=\u00bblink_image\u00bb el_class=\u00bbm-b-sm\u00bb][\/vc_column_inner][vc_column_inner width=\u00bb2\/3&#8243;][vc_custom_heading text=\u00bbPerif\u00e9ricos de conexi\u00f3n y alimentaci\u00f3n el\u00e9ctrica.\u00bb font_container=\u00bbtag:h4|text_align:left\u00bb use_theme_fonts=\u00bbyes\u00bb skin=\u00bbprimary\u00bb enable_link_dynamic=\u00bbtrue\u00bb el_class=\u00bbfont-weight-semibold m-b-xs\u00bb][vc_column_text]Proporcionamos soluciones completas para tus necesidades de conexi\u00f3n y alimentaci\u00f3n el\u00e9ctrica.<\/p>\n<p>Desde la selecci\u00f3n de perif\u00e9ricos hasta su instalaci\u00f3n y mantenimiento, nos aseguramos de que tu sistema el\u00e9ctrico funcione de manera eficiente y segura.[\/vc_column_text][vc_btn title=\u00bbVer m\u00e1s\u00bb color=\u00bbinverse\u00bb link=\u00bburl:https%3A%2F%2Fmarcaymercado.info%2Fwebsites%2FEMSELEC%2Fservicios%2Felectricidad-en-baja-y-media-tension%2Fperifericos-de-conexion-y-alimentacion-electrica-2%2F|title:Perif%C3%A9ricos%20de%20conexi%C3%B3n%20y%20alimentaci%C3%B3n%20el%C3%A9ctrica\u00bb][\/vc_column_inner][\/vc_row_inner][\/vc_column][\/vc_row]<\/p>\n","protected":false},"excerpt":{"rendered":"<p>[vc_row][vc_column][\/vc_column][\/vc_row][vc_row][vc_column][vc_row_inner el_class=\u00bbm-t-xl\u00bb][vc_column_inner width=\u00bb1\/3&#8243;][vc_single_image image=\u00bb450&#8243; img_size=\u00bbfull\u00bb onclick=\u00bblink_image\u00bb el_class=\u00bbm-b-sm\u00bb][\/vc_column_inner][vc_column_inner width=\u00bb2\/3&#8243;][vc_custom_heading text=\u00bbDise\u00f1o y montaje de redes el\u00e9ctricas residenciales, industriales y comerciales.\u00bb font_container=\u00bbtag:h4|text_align:left\u00bb use_theme_fonts=\u00bbyes\u00bb skin=\u00bbprimary\u00bb enable_link_dynamic=\u00bbtrue\u00bb el_class=\u00bbfont-weight-semibold m-b-xs\u00bb][vc_column_text]\u00a1Transforma tus espacios con nuestra experiencia en dise\u00f1o y montaje de redes el\u00e9ctricas!. Desde proyectos residenciales hasta industriales y comerciales, nuestro equipo especializado ofrece soluciones innovadoras y seguras.[\/vc_column_text][vc_btn title=\u00bbVer m\u00e1s\u00bb color=\u00bbinverse\u00bb link=\u00bburl:https%3A%2F%2Fmarcaymercado.info%2Fwebsites%2FEMSELEC%2Fservicios%2Felectricidad-en-baja-y-media-tension%2Fdiseno-y-montaje-de-redes-electricas-residenciales-industriales-y-comerciales%2F|title:Dise%C3%B1o%20y%20montaje%20de%20redes%20el%C3%A9ctricas%20residenciales%2C%20industriales%20y%20comerciales.\u00bb][\/vc_column_inner][\/vc_row_inner][vc_row_inner [&hellip;]<\/p>\n","protected":false},"author":1,"featured_media":0,"parent":144,"menu_order":0,"comment_status":"closed","ping_status":"closed","template":"","meta":{"_joinchat":[],"footnotes":""},"class_list":["post-315","page","type-page","status-publish","hentry"],"_links":{"self":[{"href":"https:\/\/marcaymercado.info\/websites\/EMSELEC\/wp-json\/wp\/v2\/pages\/315","targetHints":{"allow":["GET"]}}],"collection":[{"href":"https:\/\/marcaymercado.info\/websites\/EMSELEC\/wp-json\/wp\/v2\/pages"}],"about":[{"href":"https:\/\/marcaymercado.info\/websites\/EMSELEC\/wp-json\/wp\/v2\/types\/page"}],"author":[{"embeddable":true,"href":"https:\/\/marcaymercado.info\/websites\/EMSELEC\/wp-json\/wp\/v2\/users\/1"}],"replies":[{"embeddable":true,"href":"https:\/\/marcaymercado.info\/websites\/EMSELEC\/wp-json\/wp\/v2\/comments?post=315"}],"version-history":[{"count":29,"href":"https:\/\/marcaymercado.info\/websites\/EMSELEC\/wp-json\/wp\/v2\/pages\/315\/revisions"}],"predecessor-version":[{"id":679,"href":"https:\/\/marcaymercado.info\/websites\/EMSELEC\/wp-json\/wp\/v2\/pages\/315\/revisions\/679"}],"up":[{"embeddable":true,"href":"https:\/\/marcaymercado.info\/websites\/EMSELEC\/wp-json\/wp\/v2\/pages\/144"}],"wp:attachment":[{"href":"https:\/\/marcaymercado.info\/websites\/EMSELEC\/wp-json\/wp\/v2\/media?parent=315"}],"curies":[{"name":"wp","href":"https:\/\/api.w.org\/{rel}","templated":true}]}}